{"id":627,"date":"2015-07-07T11:28:00","date_gmt":"2015-07-07T09:28:00","guid":{"rendered":"http:\/\/healthcoach.stylemixthemes.com\/demo\/?page_id=627"},"modified":"2025-07-12T14:20:43","modified_gmt":"2025-07-12T12:20:43","slug":"temoignages","status":"publish","type":"page","link":"https:\/\/euryupdiet.com\/index.php\/temoignages\/","title":{"rendered":"Ils y sont arriv\u00e9s !"},"content":{"rendered":"<p>[vc_row 0=\u00a0\u00bb\u00a0\u00bb css=\u00a0\u00bb.vc_custom_1752322837979{margin-bottom: 20px !important;}\u00a0\u00bb][vc_column 0=\u00a0\u00bb\u00a0\u00bb][vc_single_image image=\u00a0\u00bb2161&Prime; alignment=\u00a0\u00bbcenter\u00a0\u00bb][vc_column_text]<\/p>\n<h3 style=\"text-align: center;\">8 mois et 15 kg en moins<\/h3>\n<h3 style=\"text-align: center;\">Bravo pour ta pers\u00e9v\u00e9rance !<\/h3>\n<p>&nbsp;[\/vc_column_text][\/vc_column][\/vc_row][vc_row][vc_column width=\u00a0\u00bb1\/2&Prime;][vc_single_image image=\u00a0\u00bb2188&Prime; img_size=\u00a0\u00bbmedium\u00a0\u00bb alignment=\u00a0\u00bbcenter\u00a0\u00bb style=\u00a0\u00bbvc_box_shadow\u00a0\u00bb][\/vc_column][vc_column width=\u00a0\u00bb1\/2&Prime;][vc_single_image image=\u00a0\u00bb2189&Prime; img_size=\u00a0\u00bbmedium\u00a0\u00bb alignment=\u00a0\u00bbcenter\u00a0\u00bb style=\u00a0\u00bbvc_box_shadow\u00a0\u00bb][\/vc_column][\/vc_row][vc_row css=\u00a0\u00bb.vc_custom_1752322796905{margin-top: 20px !important;}\u00a0\u00bb][vc_column][vc_column_text]<\/p>\n<h5><\/h5>\n<h5><\/h5>\n<h5 style=\"text-align: center;\">Pas de magie, juste de la r\u00e9gularit\u00e9 et de l&rsquo;\u00e9coute de soi&#8230;avec au final beaucoup de fiert\u00e9 !<\/h5>\n<h5 style=\"text-align: center;\">Bravo pour ce beau chemin vers le mieux-\u00eatre.<\/h5>\n<h5 style=\"text-align: center;\"><\/h5>\n<p>[\/vc_column_text][\/vc_column][\/vc_row][vc_row][vc_column css=\u00a0\u00bb.vc_custom_1752322728105{margin-top: 20px !important;}\u00a0\u00bb][vc_single_image image=\u00a0\u00bb2161&Prime; alignment=\u00a0\u00bbcenter\u00a0\u00bb][vc_column_text]<\/p>\n<h4 style=\"text-align: center;\">Envie de commencer votre parcours ?<\/h4>\n<h4 style=\"text-align: center;\">Je vous accompagne pas \u00e0 pas, en douceur.<\/h4>\n<p>&nbsp;<\/p>\n<h5 style=\"text-align: center;\">En cabinet ou \u00e0 distance<\/h5>\n<p>&nbsp;[\/vc_column_text][\/vc_column][\/vc_row][vc_row css=\u00a0\u00bb.vc_custom_1436789898850{margin-bottom: 0px !important;}\u00a0\u00bb][vc_column][vc_single_image image=\u00a0\u00bb2161&Prime; alignment=\u00a0\u00bbcenter\u00a0\u00bb][stm_testimonials_grid grid_cols=\u00a0\u00bb3&Prime;][\/vc_column][\/vc_row]<\/p>\n","protected":false},"excerpt":{"rendered":"<p>[vc_row 0=\u00a0\u00bb\u00a0\u00bb css=\u00a0\u00bb.vc_custom_1752322837979{margin-bottom: 20px !important;}\u00a0\u00bb][vc_column 0=\u00a0\u00bb\u00a0\u00bb][vc_single_image image=\u00a0\u00bb2161&Prime; alignment=\u00a0\u00bbcenter\u00a0\u00bb][vc_column_text] 8 mois et 15 kg en moins&#8230;<\/p>\n","protected":false},"author":1,"featured_media":0,"parent":0,"menu_order":0,"comment_status":"closed","ping_status":"closed","template":"","meta":[],"simple-restrict-permission":[],"_links":{"self":[{"href":"https:\/\/euryupdiet.com\/index.php\/wp-json\/wp\/v2\/pages\/627"}],"collection":[{"href":"https:\/\/euryupdiet.com\/index.php\/wp-json\/wp\/v2\/pages"}],"about":[{"href":"https:\/\/euryupdiet.com\/index.php\/wp-json\/wp\/v2\/types\/page"}],"author":[{"embeddable":true,"href":"https:\/\/euryupdiet.com\/index.php\/wp-json\/wp\/v2\/users\/1"}],"replies":[{"embeddable":true,"href":"https:\/\/euryupdiet.com\/index.php\/wp-json\/wp\/v2\/comments?post=627"}],"version-history":[{"count":25,"href":"https:\/\/euryupdiet.com\/index.php\/wp-json\/wp\/v2\/pages\/627\/revisions"}],"predecessor-version":[{"id":2204,"href":"https:\/\/euryupdiet.com\/index.php\/wp-json\/wp\/v2\/pages\/627\/revisions\/2204"}],"wp:attachment":[{"href":"https:\/\/euryupdiet.com\/index.php\/wp-json\/wp\/v2\/media?parent=627"}],"wp:term":[{"taxonomy":"simple-restrict-permission","embeddable":true,"href":"https:\/\/euryupdiet.com\/index.php\/wp-json\/wp\/v2\/simple-restrict-permission?post=627"}],"curies":[{"name":"wp","href":"https:\/\/api.w.org\/{rel}","templated":true}]}}