{"id":6,"date":"2015-06-03T07:06:45","date_gmt":"2015-06-03T05:06:45","guid":{"rendered":"http:\/\/healthcoach.stylemixthemes.com\/demo\/?page_id=6"},"modified":"2020-07-27T15:56:14","modified_gmt":"2020-07-27T13:56:14","slug":"a-propos","status":"publish","type":"page","link":"https:\/\/euryupdiet.com\/index.php\/a-propos\/","title":{"rendered":"\u00c0 propos"},"content":{"rendered":"<p>[vc_row show_bump=\u00a0\u00bbtrue\u00a0\u00bb css=\u00a0\u00bb.vc_custom_1515363002558{margin-bottom: 55px !important;}\u00a0\u00bb][vc_column][vc_single_image image=\u00a0\u00bb2086&Prime; img_size=\u00a0\u00bb136&#215;136&Prime; alignment=\u00a0\u00bbcenter\u00a0\u00bb style=\u00a0\u00bbvc_box_border_circle\u00a0\u00bb border_color=\u00a0\u00bbwhite\u00a0\u00bb css=\u00a0\u00bb.vc_custom_1589107882702{margin-top: -168px !important;margin-bottom: 0px !important;}\u00a0\u00bb][vc_custom_heading text=\u00a0\u00bbEurydice Coussot\u00a0\u00bb font_container=\u00a0\u00bbtag:h2|text_align:center\u00a0\u00bb use_theme_fonts=\u00a0\u00bbyes\u00a0\u00bb sep_type=\u00a0\u00bbimage\u00a0\u00bb sep_position=\u00a0\u00bbbottom\u00a0\u00bb css=\u00a0\u00bb.vc_custom_1595857964484{margin-bottom: 0px !important;}\u00a0\u00bb sep_spacing_top=\u00a0\u00bb0px\u00a0\u00bb][\/vc_column][\/vc_row][vc_row show_bump=\u00a0\u00bbtrue\u00a0\u00bb css=\u00a0\u00bb.vc_custom_1587480485572{margin-bottom: 17px !important;}\u00a0\u00bb][vc_column][vc_single_image image=\u00a0\u00bb2161&Prime; alignment=\u00a0\u00bbcenter\u00a0\u00bb css=\u00a0\u00bb.vc_custom_1595858032939{margin-top: -30px !important;margin-bottom: 60px !important;}\u00a0\u00bb][stm_image_gallery images_id=\u00a0\u00bb1056,1052,1058,1048&Prime; images=\u00a0\u00bb1966,1967&Prime;][\/vc_column][\/vc_row][vc_row css=\u00a0\u00bb.vc_custom_1440763067642{margin-bottom: 25px !important;}\u00a0\u00bb][vc_column width=\u00a0\u00bb1\/2&Prime;][vc_custom_heading text=\u00a0\u00bbMon Parcours\u00a0\u00bb font_container=\u00a0\u00bbtag:h3|text_align:center\u00a0\u00bb use_theme_fonts=\u00a0\u00bbyes\u00a0\u00bb css=\u00a0\u00bb.vc_custom_1595843474434{margin-bottom: 20px !important;}\u00a0\u00bb][vc_column_text css=\u00a0\u00bb.vc_custom_1595843510287{margin-bottom: 30px !important;}\u00a0\u00bb]<\/p>\n<p style=\"text-align: center;\">Apr\u00e8s un BTS dans l\u2019h\u00f4tellerie et la restauration et 10 ans d\u2019une vie qui m\u2019a emmen\u00e9e dans de nombreux h\u00f4tels de la plan\u00e8te j\u2019ai choisi de rentrer en France.<\/p>\n<p style=\"text-align: center;\">J\u2019ai int\u00e9gr\u00e9 le milieu t\u00e9l\u00e9visuel (France3 R\u00e9gion), et pendant 3 ans j\u2019y ai pr\u00e9sent\u00e9 des chroniques relatives au <strong>bien-\u00eatre<\/strong>, \u00e0 la <strong>sant\u00e9<\/strong> et bien entendu \u00e0 la <strong>di\u00e9t\u00e9tique<\/strong>.<\/p>\n<p style=\"text-align: center;\">Je m\u2019int\u00e9ressais d\u00e9j\u00e0 beaucoup \u00e0 ce sujet dans ma vie personnelle et j\u2019ai renforc\u00e9 mes connaissances gr\u00e2ce a toutes les recherches et rencontres effectu\u00e9es dans le milieu m\u00e9dical pour \u00e9tayer mes chroniques.<\/p>\n<p style=\"text-align: center;\">Cela m\u2019a donn\u00e9 envie d\u2019aller plus loin et de me <strong>sp\u00e9cialiser<\/strong>. J\u2019ai donc pass\u00e9 un <strong>BTS di\u00e9t\u00e9tique<\/strong> pour \u00eatre l\u00e9gitime dans ce qui est aujourd\u2019hui une <strong>passion<\/strong>.<\/p>\n<p>[\/vc_column_text][\/vc_column][vc_column width=\u00a0\u00bb1\/2&Prime;][vc_custom_heading text=\u00a0\u00bbAujourd&rsquo;hui\u00a0\u00bb font_container=\u00a0\u00bbtag:h3|text_align:center\u00a0\u00bb use_theme_fonts=\u00a0\u00bbyes\u00a0\u00bb css=\u00a0\u00bb.vc_custom_1595843484831{margin-bottom: 20px !important;}\u00a0\u00bb][vc_column_text css=\u00a0\u00bb.vc_custom_1595843863614{margin-bottom: 30px !important;}\u00a0\u00bb]<\/p>\n<p style=\"text-align: center;\">Apr\u00e8s 10 ans \u00e0 parcourir le monde, c\u2019est la <strong>Guadeloupe<\/strong> qui a touch\u00e9 mon c\u0153ur et je suis install\u00e9e dans cette belle \u00eele depuis 2015.<\/p>\n<p style=\"text-align: center;\">Je vous accueille :<\/p>\n<p style=\"text-align: center;\">au <strong>M\u00e9dip\u00f4le de Saint-Fran\u00e7ois<\/strong>, au cabinet m\u00e9dical du <strong>Docteur Coussot<\/strong>, au <strong>Moule<\/strong>, et dans le cabinet <strong>R\u00e9\u00e9dukmove \u00e0 Convenance Baie-Mahault<\/strong><\/p>\n<p>[\/vc_column_text][\/vc_column][\/vc_row][vc_row full_width=\u00a0\u00bbstretch_row\u00a0\u00bb bump_position=\u00a0\u00bbbottom\u00a0\u00bb show_bump=\u00a0\u00bbtrue\u00a0\u00bb css=\u00a0\u00bb.vc_custom_1440759514688{margin-bottom: 0px !important;padding-top: 50px !important;padding-bottom: 77px !important;background-color: #f5f4f3 !important;}\u00a0\u00bb bump_color=\u00a0\u00bb#f5f4f3&Prime;][vc_column][stm_testimonial text_color=\u00a0\u00bb#444444&Prime; icon_size=\u00a0\u00bb35px\u00a0\u00bb text_font_size=\u00a0\u00bb40px\u00a0\u00bb icon_code=\u00a0\u00bb\u201c\u00a0\u00bb icon_hc=\u00a0\u00bbhc-icon-quote\u00a0\u00bb]<\/p>\n<p style=\"text-align: center;\">Vous \u00eates ce que vous mangez,<\/p>\n<p style=\"text-align: center;\">il n\u2019est jamais trop tard pour devenir la personne que l\u2019on souhaite \u00eatre.<\/p>\n<p>[\/stm_testimonial][\/vc_column][\/vc_row][vc_row 0=\u00a0\u00bb\u00a0\u00bb][vc_column 0=\u00a0\u00bb\u00a0\u00bb][\/vc_column][\/vc_row][vc_row full_width=\u00a0\u00bbstretch_row\u00a0\u00bb css=\u00a0\u00bb.vc_custom_1440747388456{margin-bottom: 0px !important;padding-top: 60px !important;padding-bottom: 60px !important;background-color: #f5f4f3 !important;}\u00a0\u00bb][vc_column][vc_custom_heading text=\u00a0\u00bbDipl\u00f4mes et Formations\u00a0\u00bb font_container=\u00a0\u00bbtag:h3|text_align:center\u00a0\u00bb use_theme_fonts=\u00a0\u00bbyes\u00a0\u00bb sep_type=\u00a0\u00bbimage\u00a0\u00bb sep_position=\u00a0\u00bbbottom\u00a0\u00bb sep_spacing_top=\u00a0\u00bb14px\u00a0\u00bb css=\u00a0\u00bb.vc_custom_1595858151279{margin-bottom: 60px !important;}\u00a0\u00bb][vc_single_image image=\u00a0\u00bb2161&Prime; alignment=\u00a0\u00bbcenter\u00a0\u00bb css=\u00a0\u00bb.vc_custom_1595858032939{margin-top: -30px !important;margin-bottom: 60px !important;}\u00a0\u00bb][stm_items_carousel category_slug=\u00a0\u00bbcertificates\u00a0\u00bb carousel_arrows=\u00a0\u00bbdisable\u00a0\u00bb category_id=\u00a0\u00bb17&Prime; count_posts=\u00a0\u00bb-1&Prime; css=\u00a0\u00bb.vc_custom_1440747152006{margin-bottom: 0px !important;}\u00a0\u00bb][\/vc_column][\/vc_row]<\/p>\n","protected":false},"excerpt":{"rendered":"<p>[vc_row show_bump=\u00a0\u00bbtrue\u00a0\u00bb css=\u00a0\u00bb.vc_custom_1515363002558{margin-bottom: 55px !important;}\u00a0\u00bb][vc_column][vc_single_image image=\u00a0\u00bb2086&Prime; img_size=\u00a0\u00bb136&#215;136&Prime; alignment=\u00a0\u00bbcenter\u00a0\u00bb style=\u00a0\u00bbvc_box_border_circle\u00a0\u00bb border_color=\u00a0\u00bbwhite\u00a0\u00bb css=\u00a0\u00bb.vc_custom_1589107882702{margin-top: -168px !important;margin-bottom: 0px !important;}\u00a0\u00bb][vc_custom_heading&#8230;<\/p>\n","protected":false},"author":1,"featured_media":0,"parent":0,"menu_order":0,"comment_status":"closed","ping_status":"closed","template":"","meta":[],"simple-restrict-permission":[],"_links":{"self":[{"href":"https:\/\/euryupdiet.com\/index.php\/wp-json\/wp\/v2\/pages\/6"}],"collection":[{"href":"https:\/\/euryupdiet.com\/index.php\/wp-json\/wp\/v2\/pages"}],"about":[{"href":"https:\/\/euryupdiet.com\/index.php\/wp-json\/wp\/v2\/types\/page"}],"author":[{"embeddable":true,"href":"https:\/\/euryupdiet.com\/index.php\/wp-json\/wp\/v2\/users\/1"}],"replies":[{"embeddable":true,"href":"https:\/\/euryupdiet.com\/index.php\/wp-json\/wp\/v2\/comments?post=6"}],"version-history":[{"count":25,"href":"https:\/\/euryupdiet.com\/index.php\/wp-json\/wp\/v2\/pages\/6\/revisions"}],"predecessor-version":[{"id":2169,"href":"https:\/\/euryupdiet.com\/index.php\/wp-json\/wp\/v2\/pages\/6\/revisions\/2169"}],"wp:attachment":[{"href":"https:\/\/euryupdiet.com\/index.php\/wp-json\/wp\/v2\/media?parent=6"}],"wp:term":[{"taxonomy":"simple-restrict-permission","embeddable":true,"href":"https:\/\/euryupdiet.com\/index.php\/wp-json\/wp\/v2\/simple-restrict-permission?post=6"}],"curies":[{"name":"wp","href":"https:\/\/api.w.org\/{rel}","templated":true}]}}