{"id":2103,"date":"2020-05-10T14:01:28","date_gmt":"2020-05-10T12:01:28","guid":{"rendered":"https:\/\/euryupdiet.com\/?page_id=2103"},"modified":"2020-07-27T16:00:43","modified_gmt":"2020-07-27T14:00:43","slug":"services","status":"publish","type":"page","link":"https:\/\/euryupdiet.com\/index.php\/services\/","title":{"rendered":"Services"},"content":{"rendered":"<p>[vc_row show_bump=\u00a0\u00bbtrue\u00a0\u00bb css=\u00a0\u00bb.vc_custom_1515363002558{margin-bottom: 55px !important;}\u00a0\u00bb][vc_column css=\u00a0\u00bb.vc_custom_1589112279430{margin-top: -150px !important;}\u00a0\u00bb][vc_custom_heading text=\u00a0\u00bbServices\u00a0\u00bb font_container=\u00a0\u00bbtag:h1|text_align:center\u00a0\u00bb use_theme_fonts=\u00a0\u00bbyes\u00a0\u00bb sep_type=\u00a0\u00bbimage\u00a0\u00bb sep_position=\u00a0\u00bbbottom\u00a0\u00bb css=\u00a0\u00bb.vc_custom_1595858198705{margin-bottom: 23px !important;}\u00a0\u00bb sep_spacing_top=\u00a0\u00bb9px\u00a0\u00bb][vc_single_image image=\u00a0\u00bb2161&Prime; alignment=\u00a0\u00bbcenter\u00a0\u00bb][\/vc_column][\/vc_row][vc_row show_bump=\u00a0\u00bbtrue\u00a0\u00bb css=\u00a0\u00bb.vc_custom_1587480485572{margin-bottom: 17px !important;}\u00a0\u00bb][vc_column][stm_image_gallery images_id=\u00a0\u00bb1056,1052,1058,1048&Prime; images=\u00a0\u00bb1887,2093&Prime;][\/vc_column][\/vc_row][vc_row css=\u00a0\u00bb.vc_custom_1440763067642{margin-bottom: 25px !important;}\u00a0\u00bb][vc_column width=\u00a0\u00bb1\/2&Prime;][vc_icon icon_fontawesome=\u00a0\u00bbfa fa-volume-control-phone\u00a0\u00bb color=\u00a0\u00bbcustom\u00a0\u00bb align=\u00a0\u00bbcenter\u00a0\u00bb custom_color=\u00a0\u00bb#1ad8b4&Prime; css=\u00a0\u00bb.vc_custom_1589127010689{margin-bottom: 0px !important;}\u00a0\u00bb][vc_custom_heading text=\u00a0\u00bbConsultation \u00e0 distance\u00a0\u00bb font_container=\u00a0\u00bbtag:h5|text_align:center\u00a0\u00bb use_theme_fonts=\u00a0\u00bbyes\u00a0\u00bb css=\u00a0\u00bb.vc_custom_1589112441310{margin-bottom: 20px !important;}\u00a0\u00bb][vc_column_text css=\u00a0\u00bb.vc_custom_1589112461144{margin-bottom: 30px !important;}\u00a0\u00bb]<\/p>\n<p class=\"p1\">Je vous propose un rendez-vous t\u00e9l\u00e9phonique qui nous permettra de nous d\u00e9couvrir mutuellement car la cl\u00e9 du <b>succ\u00e8s<\/b> c\u2019est une bonne <b>\u00e9quipe<\/b> et cela commence par la <b>confiance<\/b>.<\/p>\n<p class=\"p1\">Lorsque vous m\u2019aurez parl\u00e9 de vous et de vos attentes, je vous expliquerai comment les choses vont se passer. Tout sera clair.<\/p>\n<p class=\"p1\">Je vous accorderai ensuite le temps n\u00e9cessaire et vous demanderai un premier petit travail d\u2019implication.<\/p>\n<p class=\"p1\" style=\"text-align: left;\"><b>C\u2019est vous qui d\u00e9ciderez de m\u2019accorder votre confiance.<\/b><\/p>\n<p>[\/vc_column_text][\/vc_column][vc_column width=\u00a0\u00bb1\/2&Prime;][vc_icon icon_fontawesome=\u00a0\u00bbfa fa-pencil\u00a0\u00bb color=\u00a0\u00bbcustom\u00a0\u00bb align=\u00a0\u00bbcenter\u00a0\u00bb custom_color=\u00a0\u00bb#1ad8b4&Prime; css=\u00a0\u00bb.vc_custom_1589127023283{margin-bottom: 0px !important;}\u00a0\u00bb][vc_custom_heading text=\u00a0\u00bbMa M\u00e9thode\u00a0\u00bb font_container=\u00a0\u00bbtag:h5|text_align:center\u00a0\u00bb use_theme_fonts=\u00a0\u00bbyes\u00a0\u00bb css=\u00a0\u00bb.vc_custom_1589112429773{margin-bottom: 20px !important;}\u00a0\u00bb][vc_column_text css=\u00a0\u00bb.vc_custom_1589112481054{margin-bottom: 30px !important;}\u00a0\u00bb]<\/p>\n<p class=\"p1\">Etre \u00e0 votre <b>\u00e9coute<\/b> et faire un travail d\u2019\u00e9quipe. Je suis l\u00e0 pour vous accompagner sur le chemin de l\u2019amincissement qui n\u2019est pas toujours simple. Certaines personnes sont plus autonome, d\u2019autres ont besoin d\u2019\u00eatre rassur\u00e9es et accompagn\u00e9es.<\/p>\n<p class=\"p1\"><b>Je m\u2019adapte \u00e0 vos besoins.<\/b><\/p>\n<p class=\"p1\">Je ne fais pas de fausse promesse contrairement \u00e0 tout ceux qui vous proposeront des m\u00e9thode miracles.<\/p>\n<p class=\"p1\">Je peux juste vous dire que si vous avez la <b>motivation<\/b> je serai votre guide.<\/p>\n<p>[\/vc_column_text][\/vc_column][\/vc_row][vc_row full_width=\u00a0\u00bbstretch_row\u00a0\u00bb css=\u00a0\u00bb.vc_custom_1589113916900{padding-top: 40px !important;padding-bottom: 40px !important;background-color: #1ad8b4 !important;}\u00a0\u00bb][vc_column width=\u00a0\u00bb5\/6&Prime;][vc_custom_heading text=\u00a0\u00bb\u00catre heureux, en bonne sant\u00e9 et se sentir bien !\u00a0\u00bb font_container=\u00a0\u00bbtag:h2|text_align:left|color:%23ffffff\u00a0\u00bb use_theme_fonts=\u00a0\u00bbyes\u00a0\u00bb][vc_column_text]<\/p>\n<p class=\"p1\">Commencez d\u00e8s aujourd\u2019hui, vous verrez d\u00e9j\u00e0 des r\u00e9sultats tr\u00e8s rapidement !<\/p>\n<p>[\/vc_column_text][vc_btn title=\u00a0\u00bbContactez-moi !\u00a0\u00bb style=\u00a0\u00bboutline\u00a0\u00bb shape=\u00a0\u00bbround\u00a0\u00bb color=\u00a0\u00bbwhite\u00a0\u00bb link=\u00a0\u00bburl:http%3A%2F%2Feuryupdiet.com%2Findex.php%2Fcontact%2F||target:%20_blank|\u00a0\u00bb css=\u00a0\u00bb.vc_custom_1589114530806{margin-top: 10px !important;}\u00a0\u00bb][\/vc_column][vc_column width=\u00a0\u00bb1\/6&Prime;][\/vc_column][\/vc_row]<\/p>\n","protected":false},"excerpt":{"rendered":"<p>[vc_row show_bump=\u00a0\u00bbtrue\u00a0\u00bb css=\u00a0\u00bb.vc_custom_1515363002558{margin-bottom: 55px !important;}\u00a0\u00bb][vc_column css=\u00a0\u00bb.vc_custom_1589112279430{margin-top: -150px !important;}\u00a0\u00bb][vc_custom_heading text=\u00a0\u00bbServices\u00a0\u00bb font_container=\u00a0\u00bbtag:h1|text_align:center\u00a0\u00bb use_theme_fonts=\u00a0\u00bbyes\u00a0\u00bb sep_type=\u00a0\u00bbimage\u00a0\u00bb sep_position=\u00a0\u00bbbottom\u00a0\u00bb css=\u00a0\u00bb.vc_custom_1595858198705{margin-bottom: 23px&#8230;<\/p>\n","protected":false},"author":1,"featured_media":0,"parent":0,"menu_order":0,"comment_status":"closed","ping_status":"closed","template":"","meta":[],"simple-restrict-permission":[],"_links":{"self":[{"href":"https:\/\/euryupdiet.com\/index.php\/wp-json\/wp\/v2\/pages\/2103"}],"collection":[{"href":"https:\/\/euryupdiet.com\/index.php\/wp-json\/wp\/v2\/pages"}],"about":[{"href":"https:\/\/euryupdiet.com\/index.php\/wp-json\/wp\/v2\/types\/page"}],"author":[{"embeddable":true,"href":"https:\/\/euryupdiet.com\/index.php\/wp-json\/wp\/v2\/users\/1"}],"replies":[{"embeddable":true,"href":"https:\/\/euryupdiet.com\/index.php\/wp-json\/wp\/v2\/comments?post=2103"}],"version-history":[{"count":12,"href":"https:\/\/euryupdiet.com\/index.php\/wp-json\/wp\/v2\/pages\/2103\/revisions"}],"predecessor-version":[{"id":2170,"href":"https:\/\/euryupdiet.com\/index.php\/wp-json\/wp\/v2\/pages\/2103\/revisions\/2170"}],"wp:attachment":[{"href":"https:\/\/euryupdiet.com\/index.php\/wp-json\/wp\/v2\/media?parent=2103"}],"wp:term":[{"taxonomy":"simple-restrict-permission","embeddable":true,"href":"https:\/\/euryupdiet.com\/index.php\/wp-json\/wp\/v2\/simple-restrict-permission?post=2103"}],"curies":[{"name":"wp","href":"https:\/\/api.w.org\/{rel}","templated":true}]}}