{"id":2012,"date":"2020-04-23T11:54:58","date_gmt":"2020-04-23T09:54:58","guid":{"rendered":"https:\/\/euryupdiet.com\/?page_id=2012"},"modified":"2020-07-27T16:20:34","modified_gmt":"2020-07-27T14:20:34","slug":"contact","status":"publish","type":"page","link":"https:\/\/euryupdiet.com\/index.php\/contact\/","title":{"rendered":"Contact"},"content":{"rendered":"<p>[vc_row equal_height=\u00a0\u00bbyes\u00a0\u00bb content_placement=\u00a0\u00bbmiddle\u00a0\u00bb show_bump=\u00a0\u00bbtrue\u00a0\u00bb css=\u00a0\u00bb.vc_custom_1587639012462{margin-bottom: 0px !important;}\u00a0\u00bb][vc_column css=\u00a0\u00bb.vc_custom_1587638894973{margin-top: -165px !important;}\u00a0\u00bb][vc_custom_heading text=\u00a0\u00bbContactez-moi !\u00a0\u00bb font_container=\u00a0\u00bbtag:h2|text_align:center\u00a0\u00bb use_theme_fonts=\u00a0\u00bbyes\u00a0\u00bb sep_type=\u00a0\u00bbimage\u00a0\u00bb sep_position=\u00a0\u00bbbottom\u00a0\u00bb css=\u00a0\u00bb.vc_custom_1595859515807{margin-bottom: 23px !important;}\u00a0\u00bb sep_spacing_top=\u00a0\u00bb9px\u00a0\u00bb][vc_single_image image=\u00a0\u00bb2161&Prime; alignment=\u00a0\u00bbcenter\u00a0\u00bb][\/vc_column][\/vc_row][vc_row full_width=\u00a0\u00bbstretch_row\u00a0\u00bb bump_position=\u00a0\u00bbbottom\u00a0\u00bb show_bump=\u00a0\u00bbtrue\u00a0\u00bb css=\u00a0\u00bb.vc_custom_1587638436043{margin-bottom: 0px !important;padding-top: 50px !important;padding-bottom: 50px !important;background-color: #f5f4f3 !important;}\u00a0\u00bb bump_color=\u00a0\u00bb#f5f4f3&Prime;][vc_column width=\u00a0\u00bb1\/2&Prime; offset=\u00a0\u00bbvc_col-lg-offset-3 vc_col-md-offset-3 vc_col-sm-offset-3&Prime;][stm_contact_info time=\u00a0\u00bbDu Lundi au Vendredi :  9h-17h\u00a0\u00bb address=\u00a0\u00bbLe Moule \u25cb Saint-Fran\u00e7ois<br \/>\nBaie-Mahault, Guadeloupe\u00a0\u00bb email=\u00a0\u00bbcontact@euryupdiet.com\u00a0\u00bb phone=\u00a0\u00bbT\u00e9l : + 590 06 90 86 78 56&Prime;][\/vc_column][\/vc_row][vc_row full_width=\u00a0\u00bbstretch_row\u00a0\u00bb parallax=\u00a0\u00bbcontent-moving\u00a0\u00bb css=\u00a0\u00bb.vc_custom_1587559288539{padding-top: 63px !important;padding-bottom: 174px !important;background-color: #1ad8b4 !important;}\u00a0\u00bb][vc_column][vc_single_image image=\u00a0\u00bb2164&Prime; alignment=\u00a0\u00bbcenter\u00a0\u00bb css=\u00a0\u00bb.vc_custom_1595859626528{margin-bottom: 10px !important;}\u00a0\u00bb][vc_custom_heading text=\u00a0\u00bbMessage\u00a0\u00bb font_container=\u00a0\u00bbtag:h3|text_align:center|color:%23ffffff\u00a0\u00bb use_theme_fonts=\u00a0\u00bbyes\u00a0\u00bb sep_type=\u00a0\u00bbimage\u00a0\u00bb sep_aligment=\u00a0\u00bbcenter\u00a0\u00bb css=\u00a0\u00bb.vc_custom_1595859536887{margin-bottom: 14px !important;}\u00a0\u00bb link=\u00a0\u00bb||\u00a0\u00bb sep_spacing_bot=\u00a0\u00bb3px\u00a0\u00bb][vc_column_text]<\/p>\n<p style=\"text-align: center;\"><span style=\"color: #ffffff;\">N&rsquo;h\u00e9sitez pas \u00e0 m&rsquo;appeler ou m&rsquo;envoyer un message, je suis \u00e0 votre \u00e9coute !<\/span><\/p>\n<p>[\/vc_column_text][\/vc_column][\/vc_row][vc_row css=\u00a0\u00bb.vc_custom_1440396168378{margin-bottom: 0px !important;}\u00a0\u00bb][vc_column][stm_contact_form7 form_id=\u00a0\u00bb168&Prime; css=\u00a0\u00bb.vc_custom_1440392583770{margin-top: -143px !important;padding-top: 38px !important;padding-right: 30px !important;padding-left: 30px !important;background-color: #ffffff !important;}\u00a0\u00bb container_border_radius=\u00a0\u00bb9px;9px;0;0&Prime;][\/vc_column][\/vc_row]<\/p>\n","protected":false},"excerpt":{"rendered":"<p>[vc_row equal_height=\u00a0\u00bbyes\u00a0\u00bb content_placement=\u00a0\u00bbmiddle\u00a0\u00bb show_bump=\u00a0\u00bbtrue\u00a0\u00bb css=\u00a0\u00bb.vc_custom_1587639012462{margin-bottom: 0px !important;}\u00a0\u00bb][vc_column css=\u00a0\u00bb.vc_custom_1587638894973{margin-top: -165px !important;}\u00a0\u00bb][vc_custom_heading text=\u00a0\u00bbContactez-moi !\u00a0\u00bb font_container=\u00a0\u00bbtag:h2|text_align:center\u00a0\u00bb use_theme_fonts=\u00a0\u00bbyes\u00a0\u00bb sep_type=\u00a0\u00bbimage\u00a0\u00bb&#8230;<\/p>\n","protected":false},"author":1,"featured_media":0,"parent":0,"menu_order":0,"comment_status":"closed","ping_status":"closed","template":"","meta":[],"simple-restrict-permission":[],"_links":{"self":[{"href":"https:\/\/euryupdiet.com\/index.php\/wp-json\/wp\/v2\/pages\/2012"}],"collection":[{"href":"https:\/\/euryupdiet.com\/index.php\/wp-json\/wp\/v2\/pages"}],"about":[{"href":"https:\/\/euryupdiet.com\/index.php\/wp-json\/wp\/v2\/types\/page"}],"author":[{"embeddable":true,"href":"https:\/\/euryupdiet.com\/index.php\/wp-json\/wp\/v2\/users\/1"}],"replies":[{"embeddable":true,"href":"https:\/\/euryupdiet.com\/index.php\/wp-json\/wp\/v2\/comments?post=2012"}],"version-history":[{"count":21,"href":"https:\/\/euryupdiet.com\/index.php\/wp-json\/wp\/v2\/pages\/2012\/revisions"}],"predecessor-version":[{"id":2174,"href":"https:\/\/euryupdiet.com\/index.php\/wp-json\/wp\/v2\/pages\/2012\/revisions\/2174"}],"wp:attachment":[{"href":"https:\/\/euryupdiet.com\/index.php\/wp-json\/wp\/v2\/media?parent=2012"}],"wp:term":[{"taxonomy":"simple-restrict-permission","embeddable":true,"href":"https:\/\/euryupdiet.com\/index.php\/wp-json\/wp\/v2\/simple-restrict-permission?post=2012"}],"curies":[{"name":"wp","href":"https:\/\/api.w.org\/{rel}","templated":true}]}}