{"id":1252,"date":"2015-08-18T07:50:41","date_gmt":"2015-08-18T07:50:41","guid":{"rendered":"http:\/\/healthcoach.stylemixthemes.com\/demo\/?page_id=1252"},"modified":"2021-09-13T14:26:23","modified_gmt":"2021-09-13T12:26:23","slug":"home-2-2","status":"publish","type":"page","link":"https:\/\/euryupdiet.com\/","title":{"rendered":"Home"},"content":{"rendered":"<p>[vc_row css=\u00a0\u00bb.vc_custom_1439999000631{margin-bottom: 0px !important;}\u00a0\u00bb][vc_column 0=\u00a0\u00bb\u00a0\u00bb][rev_slider_vc alias=\u00a0\u00bbhome_slider\u00a0\u00bb][\/vc_column][\/vc_row][vc_row full_width=\u00a0\u00bbstretch_row\u00a0\u00bb show_bump=\u00a0\u00bbtrue\u00a0\u00bb bump_color=\u00a0\u00bb#ffffff\u00a0\u00bb css=\u00a0\u00bb.vc_custom_1441889737077{margin-bottom: 0px !important;padding-top: 38px !important;padding-bottom: 83px !important;}\u00a0\u00bb][vc_column 0=\u00a0\u00bb\u00a0\u00bb][vc_custom_heading text=\u00a0\u00bbPourquoi faire appel \u00e0 une Di\u00e9t\u00e9ticienne-Nutritionniste ?\u00a0\u00bb font_container=\u00a0\u00bbtag:h3|text_align:center\u00a0\u00bb use_theme_fonts=\u00a0\u00bbyes\u00a0\u00bb sep_type=\u00a0\u00bbimage\u00a0\u00bb sep_aligment=\u00a0\u00bbcenter\u00a0\u00bb icon_aligment=\u00a0\u00bbcenter\u00a0\u00bb icon=\u00a0\u00bb\u00a0\u00bb icon_class=\u00a0\u00bbhc-icon-smile\u00a0\u00bb css=\u00a0\u00bb.vc_custom_1595857275109{margin-bottom: 25px !important;}\u00a0\u00bb][vc_single_image image=\u00a0\u00bb2161&Prime; img_size=\u00a0\u00bb25X25&Prime; alignment=\u00a0\u00bbcenter\u00a0\u00bb][vc_column_text 0=\u00a0\u00bb\u00a0\u00bb]<\/p>\n<p style=\"text-align: center;\"><strong>Je vous accompagne vers une alimentation plus adapt\u00e9e aux besoins de votre organisme en vous aidant \u00e0 la r\u00e9\u00e9quilibrer.<\/strong><\/p>\n<p style=\"text-align: center;\">Que vous soyez en bonne sant\u00e9 g\u00e9n\u00e9rale ou que vous soyez confront\u00e9s \u00e0 certaines pathologies m\u00e9taboliques (tel le diab\u00e8te, le cholest\u00e9rol, l\u2019hypertension ou des maladies inflammatoires), les aliments sont vos meilleurs alli\u00e9s pour une bonne ou une meilleure sant\u00e9..<\/p>\n<p style=\"text-align: center;\">La plupart du temps on sait ce qu\u2019il faut faire pour bien manger mais nous avons parfois des <strong>pr\u00e9jug\u00e9s<\/strong> sur l\u2019alimentation qui nous induisent en erreur et c\u2019est plus facile d\u2019avoir quelqu\u2019un qui vous oriente, vous soutient, vous encourage, fais le gendarme aussi un peu parfois pour vous aider \u00e0 atteindre <strong>l\u2019objectif que vous vous \u00eates fix\u00e9.<\/strong><\/p>\n<p>[\/vc_column_text][vc_row_inner css=\u00a0\u00bb.vc_custom_1441889573508{margin-bottom: 29px !important;}\u00a0\u00bb][vc_column_inner width=\u00a0\u00bb1\/2&Prime; offset=\u00a0\u00bbvc_col-lg-3 vc_col-md-3 vc_col-xs-12&Prime;][hc_info_box info_box_type=\u00a0\u00bbboxed\u00a0\u00bb title=\u00a0\u00bbStrat\u00e9gies di\u00e9t\u00e9tiques\u00a0\u00bb icon_hc=\u00a0\u00bbhc-icon-watermelon-o\u00a0\u00bb icon_size=\u00a0\u00bb42px\u00a0\u00bb css=\u00a0\u00bb.vc_custom_1631535800663{margin-bottom: 30px !important;}\u00a0\u00bb box_height=\u00a0\u00bb230px\u00a0\u00bb]Sur Internet, \u00e0 la t\u00e9l\u00e9vision, \u00e0 la radio, dans les journaux, on vous promet chaque saison un amincissement rapide et sans effort. Il est important de sortir de ces <strong>clich\u00e9s<\/strong> car perdre du poids, modifier ses habitudes alimentaires, combattre ses d\u00e9mons, cela <strong>prend du temps<\/strong> et ce n\u2019est pas une chose aussi simple qu\u2019on veut nous le laisser croire.<\/p>\n<p>On peut tout \u00e0 fait maigrir rapidement \u00e0\u00a0l\u2019aide de r\u00e9gimes alimentaires hyper restrictifs o\u00f9 l\u2019on \u00e9vince les aliments caloriques o\u00f9 l\u2019on se prive de tout mais qu\u2019en est-il de <strong>l\u2019apr\u00e8s r\u00e9gime<\/strong> ?<\/p>\n<p>Pour compenser la frustration on retombe dans nos vieilles habitudes qui a priori ne sont pas les bonnes et on reprend nos kilos parfois plus que ceux que l\u2019on a p\u00e9niblement perdus.<\/p>\n<p><strong>C\u2019est pour cette raison que je serai \u00e0 vos c\u00f4t\u00e9s.<\/strong>[\/hc_info_box][\/vc_column_inner][vc_column_inner width=\u00a0\u00bb1\/2&Prime; offset=\u00a0\u00bbvc_col-lg-3 vc_col-md-3 vc_col-xs-12&Prime;][hc_info_box info_box_type=\u00a0\u00bbboxed\u00a0\u00bb title=\u00a0\u00bbUn exercice r\u00e9gulier\u00a0\u00bb icon_hc=\u00a0\u00bbhc-icon-shoes\u00a0\u00bb icon_size=\u00a0\u00bb62px\u00a0\u00bb box_height=\u00a0\u00bb230px\u00a0\u00bb css=\u00a0\u00bb.vc_custom_1631535964878{margin-bottom: 29px !important;}\u00a0\u00bb]J\u2019entends tr\u00e8s souvent dire que le <strong>sport<\/strong> ne fait pas maigrir\u2026 \u00c9videmment on peut perdre du poids sans faire de sport mais <strong>l\u2019exercice<\/strong> est pourtant la cl\u00e9 de notre <strong>\u00e9quilibre physique<\/strong> et <strong>psychologique<\/strong>.<\/p>\n<p>Il favorise notre <strong>sommeil, <\/strong>diminue notre stress gr\u00e2ce \u00e0 la s\u00e9cr\u00e9tion de certaines hormones, et permet de retrouver un apaisement et une sensation de <strong>bien-\u00eatre.<\/strong> Il am\u00e9liore notre vie sexuelle, nous permet de contr\u00f4ler notre poids, et \u00e9vite les frustrations. Il favorise la circulation sanguine, renforce notre muscle cardiaque, diminue la r\u00e9tention d&rsquo;eau et la cellulite, il diminue la d\u00e9pression et pr\u00e9serve notre masse musculaire.<\/p>\n<p><strong>Autant de raisons de l\u2019int\u00e9grer dans votre vie<\/strong><\/p>\n<p>Cela dit, pour qu\u2019il devienne une <strong>habitude<\/strong>, vous devez \u00e9prouver du <strong>plaisir<\/strong> et non pas le faire par obligation. Cette source de plaisir deviendra votre <strong>motivation<\/strong> pour que l\u2019activit\u00e9 physique s\u2019inscrive dans votre quotidien lorsque vous souhaiterez stabiliser votre poids.[\/hc_info_box][\/vc_column_inner][vc_column_inner width=\u00a0\u00bb1\/2&Prime; offset=\u00a0\u00bbvc_col-lg-3 vc_col-md-3 vc_col-xs-12&Prime;][hc_info_box info_box_type=\u00a0\u00bbboxed\u00a0\u00bb title=\u00a0\u00bbSupport personnalis\u00e9 \u00a0\u00bb icon_hc=\u00a0\u00bbhc-icon-pulse\u00a0\u00bb icon_size=\u00a0\u00bb62px\u00a0\u00bb box_height=\u00a0\u00bb230px\u00a0\u00bb css=\u00a0\u00bb.vc_custom_1592396448192{margin-bottom: 30px !important;}\u00a0\u00bb]Opter pour une alimentation saine, c\u2019est la cl\u00e9 de notre sant\u00e9. La n\u00f4tre, mais celle aussi bien s\u00fbr de nos enfants. J\u2019aime bien prendre cet exemple : si vous mettiez du gasoil dans une voiture qui fonctionne avec de l\u2019essence, vous n\u2019iriez pas bien loin. Pour notre corps, c\u2019est la m\u00eame chose&#8230;Nous avons besoin d\u2019une alimentation <strong>vari\u00e9e<\/strong> et <strong>appropri\u00e9e.<\/strong><\/p>\n<p>Ce que j\u2019essaie de transmettre \u00e0 mes patients c\u2019est une <strong>fa\u00e7on de manger sur le long terme<\/strong>. Evidemment cela implique quelques sacrifices parce que le changement d\u2019habitude est une grosse \u00e9tape dans la vie.<\/p>\n<p>Votre programme sera le v\u00f4tre parce que vous \u00eates <strong>unique<\/strong> et que vos go\u00fbts, votre rythme de vie, ne sont pas les m\u00eames que ceux de vos amis, vos voisins ou vos coll\u00e8gues de bureau.[\/hc_info_box][\/vc_column_inner][vc_column_inner width=\u00a0\u00bb1\/2&Prime; offset=\u00a0\u00bbvc_col-lg-3 vc_col-md-3 vc_col-xs-12&Prime;][hc_info_box info_box_type=\u00a0\u00bbboxed\u00a0\u00bb title=\u00a0\u00bbDes conseils diff\u00e9rents\u00a0\u00bb icon_hc=\u00a0\u00bbhc-icon-hourglass\u00a0\u00bb icon_size=\u00a0\u00bb62px\u00a0\u00bb box_height=\u00a0\u00bb230px\u00a0\u00bb css=\u00a0\u00bb.vc_custom_1592396455679{margin-bottom: 30px !important;}\u00a0\u00bb]J\u2019aime la vie et les bonnes choses et je ne suis pas une extr\u00e9miste de l\u2019alimentation. C\u2019est d\u2019ailleurs ce que j\u2019aimerais pouvoir partager avec vous.<br \/>\nManger ne doit pas \u00eatre synonyme de monotonie. Manger sain et se faire plaisir ne doit pas \u00eatre antinomique tout est une question de <strong>choix<\/strong> et <strong>d\u2019\u00e9quilibre<\/strong>.<\/p>\n<p>La publicit\u00e9 qui envahit nos \u00e9crans et le fait que l\u2019on soit sans arr\u00eat sollicit\u00e9, tent\u00e9 par la mal bouffe est un vrai probl\u00e8me de soci\u00e9t\u00e9\u2026 mais je peux aussi vous aiguiller pour sortir de ce cercle vicieux.<\/p>\n<p>La p\u00e9riode de confinement nous a permis de nous rendre compte \u00e0 quel point nous ne prenons plus le temps. Le temps de cuisiner, le temps de se poser, le temps de s\u2019occuper de soi et il faut parfois un coup de pouce pour accepter de l\u00e2cher du leste et de se reconcentrer sur l\u2019essentiel : <strong>nous-m\u00eames<\/strong>.<\/p>\n<p><strong>Vous \u00eates ce que vous mangez !<\/strong><\/p>\n<p>J\u2019ajouterai qu\u2019il n\u2019est jamais trop tard pour devenir la <strong>personne que l\u2019on souhaite \u00eatre.<\/strong>[\/hc_info_box][\/vc_column_inner][\/vc_row_inner][\/vc_column][\/vc_row][vc_row full_width=\u00a0\u00bbstretch_row\u00a0\u00bb show_bump=\u00a0\u00bbtrue\u00a0\u00bb css=\u00a0\u00bb.vc_custom_1501151470448{margin-bottom: 0px !important;padding-top: 38px !important;padding-bottom: 49px !important;background-color: #f5f4f3 !important;}\u00a0\u00bb bump_color=\u00a0\u00bb#f5f4f3&Prime;][vc_column 0=\u00a0\u00bb\u00a0\u00bb][vc_custom_heading text=\u00a0\u00bbN&rsquo;attendez pas demain!\u00a0\u00bb font_container=\u00a0\u00bbtag:h3|text_align:center\u00a0\u00bb use_theme_fonts=\u00a0\u00bbyes\u00a0\u00bb sep_type=\u00a0\u00bbimage\u00a0\u00bb sep_position=\u00a0\u00bbbottom\u00a0\u00bb sep_aligment=\u00a0\u00bbcenter\u00a0\u00bb icon_aligment=\u00a0\u00bbcenter\u00a0\u00bb icon=\u00a0\u00bb\u00a0\u00bb icon_class=\u00a0\u00bbhc-icon-smile\u00a0\u00bb css=\u00a0\u00bb.vc_custom_1595857576678{margin-bottom: 25px !important;}\u00a0\u00bb link=\u00a0\u00bburl:http%3A%2F%2Fhealthcoach.stylemixthemes.com\/demo%2Fservices%2F||\u00a0\u00bb sep_spacing_top=\u00a0\u00bb14px\u00a0\u00bb][vc_single_image image=\u00a0\u00bb2161&Prime; img_size=\u00a0\u00bb25X25&Prime; alignment=\u00a0\u00bbcenter\u00a0\u00bb][\/vc_column][\/vc_row][vc_row full_width=\u00a0\u00bbstretch_row\u00a0\u00bb parallax=\u00a0\u00bbcontent-moving\u00a0\u00bb parallax_image=\u00a0\u00bb1906&Prime; css=\u00a0\u00bb.vc_custom_1515074997372{margin-bottom: 0px !important;padding-top: 144px !important;padding-bottom: 130px !important;}\u00a0\u00bb el_class=\u00a0\u00bbstm_fixed_background\u00a0\u00bb][vc_column 0=\u00a0\u00bb\u00a0\u00bb][vc_custom_heading text=\u00a0\u00bbIl est temps de vous prendre en main !\u00a0\u00bb font_container=\u00a0\u00bbtag:h2|text_align:left|color:%23ffffff\u00a0\u00bb use_theme_fonts=\u00a0\u00bbyes\u00a0\u00bb css=\u00a0\u00bb.vc_custom_1595842603776{margin-bottom: 11px !important;}\u00a0\u00bb sep_spacing_bot=\u00a0\u00bb14px\u00a0\u00bb][vc_column_text css=\u00a0\u00bb.vc_custom_1595842673114{margin-bottom: 43px !important;}\u00a0\u00bb]<span style=\"color: #ffffff;\">Commencez un suivi alimentaire adapt\u00e9 \u00e0 vos besoins<\/span><br \/>\n<span style=\"color: #ffffff;\"> et ressentez rapidement les bienfaits dans votre corps !<\/span>[\/vc_column_text][vc_btn title=\u00a0\u00bbContactez-moi\u00a0\u00bb style=\u00a0\u00bboutline\u00a0\u00bb shape=\u00a0\u00bbround\u00a0\u00bb color=\u00a0\u00bbwhite\u00a0\u00bb align=\u00a0\u00bbleft\u00a0\u00bb link=\u00a0\u00bburl:http%3A%2F%2Feuryupdiet.com%2Findex.php%2Fcontact%2F|title:Contact||\u00a0\u00bb][\/vc_column][\/vc_row][vc_row show_bump=\u00a0\u00bbtrue\u00a0\u00bb css=\u00a0\u00bb.vc_custom_1440133626662{margin-bottom: 0px !important;padding-top: 38px !important;padding-bottom: 20px !important;}\u00a0\u00bb bump_color=\u00a0\u00bb#ffffff\u00a0\u00bb][vc_column 0=\u00a0\u00bb\u00a0\u00bb][vc_custom_heading text=\u00a0\u00bbBlog\u00a0\u00bb font_container=\u00a0\u00bbtag:h3|text_align:center\u00a0\u00bb use_theme_fonts=\u00a0\u00bbyes\u00a0\u00bb sep_type=\u00a0\u00bbimage\u00a0\u00bb sep_position=\u00a0\u00bbbottom\u00a0\u00bb sep_aligment=\u00a0\u00bbcenter\u00a0\u00bb css=\u00a0\u00bb.vc_custom_1595857662690{margin-bottom: 25px !important;}\u00a0\u00bb link=\u00a0\u00bburl:http%3A%2F%2Fhealthcoach.stylemixthemes.com\/demo%2Fblog%2F||\u00a0\u00bb sep_spacing_top=\u00a0\u00bb14px\u00a0\u00bb][vc_single_image image=\u00a0\u00bb2161&Prime; img_size=\u00a0\u00bb25X25&Prime; alignment=\u00a0\u00bbcenter\u00a0\u00bb][stm_recent_posts columns_per_row=\u00a0\u00bb3&Prime; posts_format=\u00a0\u00bb0&Prime; posts_category=\u00a0\u00bb0&Prime; posts_count=\u00a0\u00bb6&Prime;][\/vc_column][\/vc_row][vc_row full_width=\u00a0\u00bbstretch_row\u00a0\u00bb show_bump=\u00a0\u00bbtrue\u00a0\u00bb css=\u00a0\u00bb.vc_custom_1515361745107{margin-bottom: 0px !important;padding-top: 97px !important;padding-bottom: 115px !important;background-image: url(https:\/\/euryupdiet.com\/wp-content\/uploads\/2018\/01\/foodiebackground2.jpg?id=1931) !important;background-position: center !important;background-repeat: no-repeat !important;background-size: cover !important;}\u00a0\u00bb][vc_column 0=\u00a0\u00bb\u00a0\u00bb][vc_custom_heading text=\u00a0\u00bbVous \u00eates ce que vous mangez,<br \/>\nil n\u2019est jamais trop tard pour devenir la personne que l\u2019on souhaite \u00eatre.\u00a0\u00bb font_container=\u00a0\u00bbtag:h2|text_align:center|color:%23ffffff\u00a0\u00bb use_theme_fonts=\u00a0\u00bbyes\u00a0\u00bb sep_aligment=\u00a0\u00bbcenter\u00a0\u00bb css=\u00a0\u00bb.vc_custom_1587487480074{margin-bottom: 11px !important;}\u00a0\u00bb icon_hc=\u00a0\u00bbhc-icon-tea\u00a0\u00bb icon_color=\u00a0\u00bb#ffffff\u00a0\u00bb icon_size=\u00a0\u00bb53px\u00a0\u00bb sep_spacing_bot=\u00a0\u00bb43px\u00a0\u00bb][\/vc_column][\/vc_row][vc_row full_width=\u00a0\u00bbstretch_row\u00a0\u00bb show_bump=\u00a0\u00bbtrue\u00a0\u00bb css=\u00a0\u00bb.vc_custom_1587558545060{padding-top: 63px !important;padding-bottom: 174px !important;background-color: #1ad8b4 !important;background-position: center !important;background-repeat: no-repeat !important;background-size: cover !important;}\u00a0\u00bb][vc_column 0=\u00a0\u00bb\u00a0\u00bb][vc_single_image image=\u00a0\u00bb2164&Prime; alignment=\u00a0\u00bbcenter\u00a0\u00bb][vc_custom_heading text=\u00a0\u00bbContactez-moi !\u00a0\u00bb font_container=\u00a0\u00bbtag:h3|text_align:center|color:%23ffffff\u00a0\u00bb use_theme_fonts=\u00a0\u00bbyes\u00a0\u00bb sep_type=\u00a0\u00bbimage\u00a0\u00bb sep_aligment=\u00a0\u00bbcenter\u00a0\u00bb css=\u00a0\u00bb.vc_custom_1595857806728{margin-bottom: 14px !important;}\u00a0\u00bb link=\u00a0\u00bb||\u00a0\u00bb sep_spacing_bot=\u00a0\u00bb3px\u00a0\u00bb][vc_column_text 0=\u00a0\u00bb\u00a0\u00bb]<\/p>\n<p style=\"text-align: center;\"><span style=\"color: #ffffff;\">Il est temps de vous occuper de vous !<\/span><\/p>\n<p>[\/vc_column_text][\/vc_column][\/vc_row][vc_row css=\u00a0\u00bb.vc_custom_1440396168378{margin-bottom: 0px !important;}\u00a0\u00bb][vc_column 0=\u00a0\u00bb\u00a0\u00bb][stm_contact_form7 form_id=\u00a0\u00bb168&Prime; css=\u00a0\u00bb.vc_custom_1440392583770{margin-top: -143px !important;padding-top: 38px !important;padding-right: 30px !important;padding-left: 30px !important;background-color: #ffffff !important;}\u00a0\u00bb container_border_radius=\u00a0\u00bb9px;9px;0;0&Prime;][\/vc_column][\/vc_row]<\/p>\n","protected":false},"excerpt":{"rendered":"<p>[vc_row css=\u00a0\u00bb.vc_custom_1439999000631{margin-bottom: 0px !important;}\u00a0\u00bb][vc_column 0=\u00a0\u00bb\u00a0\u00bb][rev_slider_vc alias=\u00a0\u00bbhome_slider\u00a0\u00bb][\/vc_column][\/vc_row][vc_row full_width=\u00a0\u00bbstretch_row\u00a0\u00bb show_bump=\u00a0\u00bbtrue\u00a0\u00bb bump_color=\u00a0\u00bb#ffffff\u00a0\u00bb css=\u00a0\u00bb.vc_custom_1441889737077{margin-bottom: 0px !important;padding-top: 38px !important;padding-bottom: 83px&#8230;<\/p>\n","protected":false},"author":1,"featured_media":0,"parent":0,"menu_order":0,"comment_status":"closed","ping_status":"closed","template":"","meta":[],"simple-restrict-permission":[],"_links":{"self":[{"href":"https:\/\/euryupdiet.com\/index.php\/wp-json\/wp\/v2\/pages\/1252"}],"collection":[{"href":"https:\/\/euryupdiet.com\/index.php\/wp-json\/wp\/v2\/pages"}],"about":[{"href":"https:\/\/euryupdiet.com\/index.php\/wp-json\/wp\/v2\/types\/page"}],"author":[{"embeddable":true,"href":"https:\/\/euryupdiet.com\/index.php\/wp-json\/wp\/v2\/users\/1"}],"replies":[{"embeddable":true,"href":"https:\/\/euryupdiet.com\/index.php\/wp-json\/wp\/v2\/comments?post=1252"}],"version-history":[{"count":57,"href":"https:\/\/euryupdiet.com\/index.php\/wp-json\/wp\/v2\/pages\/1252\/revisions"}],"predecessor-version":[{"id":2180,"href":"https:\/\/euryupdiet.com\/index.php\/wp-json\/wp\/v2\/pages\/1252\/revisions\/2180"}],"wp:attachment":[{"href":"https:\/\/euryupdiet.com\/index.php\/wp-json\/wp\/v2\/media?parent=1252"}],"wp:term":[{"taxonomy":"simple-restrict-permission","embeddable":true,"href":"https:\/\/euryupdiet.com\/index.php\/wp-json\/wp\/v2\/simple-restrict-permission?post=1252"}],"curies":[{"name":"wp","href":"https:\/\/api.w.org\/{rel}","templated":true}]}}